{"id":927,"date":"2021-01-21T10:31:35","date_gmt":"2021-01-21T10:31:35","guid":{"rendered":"https:\/\/sattamidlaraskolinn.is\/?page_id=927"},"modified":"2026-03-02T13:40:18","modified_gmt":"2026-03-02T13:40:18","slug":"skraning","status":"publish","type":"page","link":"https:\/\/sattamidlaraskolinn.is\/?page_id=927","title":{"rendered":"N\u00e1mskei\u00f0 \u00e1 vor\u00f6nn 2026"},"content":{"rendered":"\t\t<div data-elementor-type=\"wp-page\" data-elementor-id=\"927\" class=\"elementor elementor-927\">\n\t\t\t\t\t\t<div class=\"elementor-inner\">\n\t\t\t\t<div class=\"elementor-section-wrap\">\n\t\t\t\t\t\t\t\t\t<section class=\"elementor-section elementor-top-section elementor-element elementor-element-7a664d7d elementor-section-boxed elementor-section-height-default elementor-section-height-default\" data-id=\"7a664d7d\" data-element_type=\"section\" data-settings=\"{&quot;background_background&quot;:&quot;classic&quot;}\">\n\t\t\t\t\t\t\t<div class=\"elementor-background-overlay\"><\/div>\n\t\t\t\t\t\t\t<div class=\"elementor-container elementor-column-gap-default\">\n\t\t\t\t\t\t\t<div class=\"elementor-row\">\n\t\t\t\t\t<div class=\"elementor-column elementor-col-100 elementor-top-column elementor-element elementor-element-6a51821c\" data-id=\"6a51821c\" data-element_type=\"column\">\n\t\t\t<div class=\"elementor-column-wrap elementor-element-populated\">\n\t\t\t\t\t\t\t<div class=\"elementor-widget-wrap\">\n\t\t\t\t\t\t<div class=\"elementor-element elementor-element-41d6ed81 elementor-widget elementor-widget-heading\" data-id=\"41d6ed81\" data-element_type=\"widget\" data-widget_type=\"heading.default\">\n\t\t\t\t<div class=\"elementor-widget-container\">\n\t\t\t<h1 class=\"elementor-heading-title elementor-size-default\">N\u00e6stu n\u00e1mskei\u00f0<\/h1>\t\t<\/div>\n\t\t\t\t<\/div>\n\t\t\t\t\t\t<\/div>\n\t\t\t\t\t<\/div>\n\t\t<\/div>\n\t\t\t\t\t\t\t\t<\/div>\n\t\t\t\t\t<\/div>\n\t\t<\/section>\n\t\t\t\t<section class=\"elementor-section elementor-top-section elementor-element elementor-element-0d162d6 elementor-section-boxed elementor-section-height-default elementor-section-height-default\" data-id=\"0d162d6\" data-element_type=\"section\">\n\t\t\t\t\t\t<div class=\"elementor-container elementor-column-gap-default\">\n\t\t\t\t\t\t\t<div class=\"elementor-row\">\n\t\t\t\t\t<div class=\"elementor-column elementor-col-100 elementor-top-column elementor-element elementor-element-1b09baf\" data-id=\"1b09baf\" data-element_type=\"column\">\n\t\t\t<div class=\"elementor-column-wrap elementor-element-populated\">\n\t\t\t\t\t\t\t<div class=\"elementor-widget-wrap\">\n\t\t\t\t\t\t<div class=\"elementor-element elementor-element-d2359f2 elementor-widget elementor-widget-spacer\" data-id=\"d2359f2\" data-element_type=\"widget\" data-widget_type=\"spacer.default\">\n\t\t\t\t<div class=\"elementor-widget-container\">\n\t\t\t\t\t<div class=\"elementor-spacer\">\n\t\t\t<div class=\"elementor-spacer-inner\"><\/div>\n\t\t<\/div>\n\t\t\t\t<\/div>\n\t\t\t\t<\/div>\n\t\t\t\t<div class=\"elementor-element elementor-element-55c1c21 elementor-widget elementor-widget-heading\" data-id=\"55c1c21\" data-element_type=\"widget\" data-widget_type=\"heading.default\">\n\t\t\t\t<div class=\"elementor-widget-container\">\n\t\t\t<h2 class=\"elementor-heading-title elementor-size-default\">\u00c1 vor\u00f6nn 2026 ver\u00f0ur bo\u00f0i\u00f0 upp \u00e1 tv\u00f6 n\u00e1mskei\u00f0<\/h2>\t\t<\/div>\n\t\t\t\t<\/div>\n\t\t\t\t\t\t<\/div>\n\t\t\t\t\t<\/div>\n\t\t<\/div>\n\t\t\t\t\t\t\t\t<\/div>\n\t\t\t\t\t<\/div>\n\t\t<\/section>\n\t\t\t\t<section class=\"elementor-section elementor-top-section elementor-element elementor-element-4e5e1b1 elementor-section-boxed elementor-section-height-default elementor-section-height-default\" data-id=\"4e5e1b1\" data-element_type=\"section\">\n\t\t\t\t\t\t<div class=\"elementor-container elementor-column-gap-default\">\n\t\t\t\t\t\t\t<div class=\"elementor-row\">\n\t\t\t\t\t<div class=\"elementor-column elementor-col-100 elementor-top-column elementor-element elementor-element-fa05f5d\" data-id=\"fa05f5d\" data-element_type=\"column\">\n\t\t\t<div class=\"elementor-column-wrap\">\n\t\t\t\t\t\t\t<div class=\"elementor-widget-wrap\">\n\t\t\t\t\t\t\t\t<\/div>\n\t\t\t\t\t<\/div>\n\t\t<\/div>\n\t\t\t\t\t\t\t\t<\/div>\n\t\t\t\t\t<\/div>\n\t\t<\/section>\n\t\t\t\t<section class=\"elementor-section elementor-top-section elementor-element elementor-element-f558cfd elementor-section-boxed elementor-section-height-default elementor-section-height-default\" data-id=\"f558cfd\" data-element_type=\"section\">\n\t\t\t\t\t\t<div class=\"elementor-container elementor-column-gap-default\">\n\t\t\t\t\t\t\t<div class=\"elementor-row\">\n\t\t\t\t\t<div class=\"elementor-column elementor-col-100 elementor-top-column elementor-element elementor-element-9194074\" data-id=\"9194074\" data-element_type=\"column\">\n\t\t\t<div class=\"elementor-column-wrap elementor-element-populated\">\n\t\t\t\t\t\t\t<div class=\"elementor-widget-wrap\">\n\t\t\t\t\t\t<div class=\"elementor-element elementor-element-5bfeab4 elementor-widget elementor-widget-heading\" data-id=\"5bfeab4\" data-element_type=\"widget\" data-widget_type=\"heading.default\">\n\t\t\t\t<div class=\"elementor-widget-container\">\n\t\t\t<h2 class=\"elementor-heading-title elementor-size-default\"><a href=\"https:\/\/forms.gle\/i5pSCxGhouGtBbM96\"><span style=\"font-size: 1.666667rem; font-style: normal; clear: both; color: rgb(38, 85, 115); line-height: 1.4; font-family: Merriweather, serif; caret-color: rgb(38, 85, 115); white-space: normal;\"><strong style=\"font-size: 1.666667rem;\">Fjarn\u00e1mskei\u00f0 24. mars til 13. ma\u00ed (Fullt)<\/strong><\/span><span style=\"font-family: var( --e-global-typography-primary-font-family ), Sans-serif; font-size: 2rem;\"><\/span><\/a><\/h2>\t\t<\/div>\n\t\t\t\t<\/div>\n\t\t\t\t<div class=\"elementor-element elementor-element-61dcc70 elementor-widget elementor-widget-text-editor\" data-id=\"61dcc70\" data-element_type=\"widget\" data-widget_type=\"text-editor.default\">\n\t\t\t\t<div class=\"elementor-widget-container\">\n\t\t\t\t\t\t\t\t<div class=\"elementor-text-editor elementor-clearfix\">\n\t\t\t\t\t\t\t\t\t<\/div>\n\t\t\t\t\t\t<\/div>\n\t\t\t\t<\/div>\n\t\t\t\t<div class=\"elementor-element elementor-element-dedf244 elementor-widget elementor-widget-text-editor\" data-id=\"dedf244\" data-element_type=\"widget\" data-widget_type=\"text-editor.default\">\n\t\t\t\t<div class=\"elementor-widget-container\">\n\t\t\t\t\t\t\t\t<div class=\"elementor-text-editor elementor-clearfix\">\n\t\t\t\t<p style=\"font-size: 15px; font-style: normal;\"><span style=\"font-weight: 400; font-size: 15px; font-style: normal;\">Kynningarfundur og opnun n\u00e1mskei\u00f0sins ver\u00f0ur&nbsp;<\/span><span style=\"font-weight: bold; font-size: 15px;\">\u00feri\u00f0judaginn 24. mars <\/span><span style=\"font-size: 15px;\">(ekki&nbsp; 24. febr\u00faar eins og \u00e1\u00f0ur kom fram)<\/span><span style=\"font-weight: bold; font-size: 15px;\"> kl. 11:30-12:00<\/span><span style=\"font-weight: 400; font-size: 15px; font-style: normal;\">.&nbsp;<\/span><span style=\"font-weight: 400; font-size: 15px; font-style: normal;\">Dagsetningar verklegra t\u00edma eru:&nbsp;<\/span><\/p>\n<ul style=\"font-size: 15px; font-style: normal; font-weight: 400;\">\n<li style=\"font-size: 15px; font-style: normal; font-weight: 400;\"><span style=\"font-size: 15px; font-style: normal;\"><span style=\"font-size: 15px; font-weight: bold;\">\u00feri\u00f0judagurinn 14. apr\u00edl fr\u00e1 kl. 9:00-13:00<\/span><\/span><\/li>\n<li style=\"font-size: 15px; font-style: normal; font-weight: 400;\"><span style=\"font-size: 15px; font-style: normal;\"><span style=\"font-size: 15px; font-weight: bold;\">mi\u00f0vikudagurinn 22. apr\u00edl <\/span><span style=\"font-size: 15px; font-weight: bold;\">fr\u00e1 9:00-13:00<\/span><\/span><\/li>\n<li style=\"font-size: 15px; font-style: normal; font-weight: 400;\"><span style=\"font-size: 15px; font-style: normal;\"><span style=\"font-size: 15px; font-weight: bold;\">\u00feri\u00f0judagurinn 5. ma\u00ed fr\u00e1 9:00-13:00<\/span>.&nbsp;&nbsp;<\/span><\/li>\n<\/ul>\n<p style=\"font-size: 15px; font-style: normal; font-weight: 400;\"><span style=\"font-size: 15px; font-style: normal; font-weight: 400;\">N\u00e1mskei\u00f0inu l\u00fdkur me\u00f0 munnlegu pr\u00f3fi \u00e1 Zoom sem haldi\u00f0 ver\u00f0ur&nbsp;<\/span><span style=\"font-size: 15px; font-style: normal; font-weight: bold;\">mi\u00f0vikudaginn 13. ma\u00ed.&nbsp;<\/span><span style=\"font-size: 15px; font-style: normal; font-weight: 400;\">Fyrirkomulag kennslunnar er annars vegar \u00ed formi fyrirlestra \u00e1 kennsluvef sem nemendur horfa \u00e1 \u00e1\u00f0ur en verklegir t\u00edmar fara fram (\u00fe.e. fr\u00e1 \u00fev\u00ed n\u00e1mskei\u00f0i\u00f0 opnar \u00feann 24. mars og fram til 14. apr\u00edl<\/span><span style=\"font-size: 15px; font-style: normal; font-weight: 400;\">)<\/span><span style=\"font-size: 15px; font-style: normal; font-weight: 400;\">. N\u00e1mskei\u00f0i\u00f0 ver\u00f0ur kennt \u00ed gegnum Zoom&nbsp;<\/span><span style=\"font-size: 15px; font-style: normal; font-weight: 400;\">og er skyldum\u00e6ting \u00ed a.m.k. 2 af 3 t\u00edmum til a\u00f0 kl\u00e1ra n\u00e1mskei\u00f0i\u00f0.&nbsp;<\/span><\/p>\t\t\t\t\t<\/div>\n\t\t\t\t\t\t<\/div>\n\t\t\t\t<\/div>\n\t\t\t\t\t\t<\/div>\n\t\t\t\t\t<\/div>\n\t\t<\/div>\n\t\t\t\t\t\t\t\t<\/div>\n\t\t\t\t\t<\/div>\n\t\t<\/section>\n\t\t\t\t<section class=\"elementor-section elementor-top-section elementor-element elementor-element-c1f420b elementor-section-boxed elementor-section-height-default elementor-section-height-default\" data-id=\"c1f420b\" data-element_type=\"section\">\n\t\t\t\t\t\t<div class=\"elementor-container elementor-column-gap-default\">\n\t\t\t\t\t\t\t<div class=\"elementor-row\">\n\t\t\t\t\t<div class=\"elementor-column elementor-col-100 elementor-top-column elementor-element elementor-element-7ad52e2\" data-id=\"7ad52e2\" data-element_type=\"column\">\n\t\t\t<div class=\"elementor-column-wrap elementor-element-populated\">\n\t\t\t\t\t\t\t<div class=\"elementor-widget-wrap\">\n\t\t\t\t\t\t<div class=\"elementor-element elementor-element-93c12c5 elementor-widget elementor-widget-text-editor\" data-id=\"93c12c5\" data-element_type=\"widget\" data-widget_type=\"text-editor.default\">\n\t\t\t\t<div class=\"elementor-widget-container\">\n\t\t\t\t\t\t\t\t<div class=\"elementor-text-editor elementor-clearfix\">\n\t\t\t\t\t\t\t\t\t<\/div>\n\t\t\t\t\t\t<\/div>\n\t\t\t\t<\/div>\n\t\t\t\t<div class=\"elementor-element elementor-element-a9b0208 elementor-widget elementor-widget-heading\" data-id=\"a9b0208\" data-element_type=\"widget\" data-widget_type=\"heading.default\">\n\t\t\t\t<div class=\"elementor-widget-container\">\n\t\t\t<h2 class=\"elementor-heading-title elementor-size-default\"><a href=\"https:\/\/forms.gle\/i5pSCxGhouGtBbM96\">Skr\u00e1ning og grei\u00f0sla<\/a><\/h2>\t\t<\/div>\n\t\t\t\t<\/div>\n\t\t\t\t<div class=\"elementor-element elementor-element-11df4c5 elementor-widget elementor-widget-text-editor\" data-id=\"11df4c5\" data-element_type=\"widget\" data-widget_type=\"text-editor.default\">\n\t\t\t\t<div class=\"elementor-widget-container\">\n\t\t\t\t\t\t\t\t<div class=\"elementor-text-editor elementor-clearfix\">\n\t\t\t\t<p><span style=\"font-size: 15px; color: var( --e-global-color-text ); font-family: var( --e-global-typography-text-font-family ), Sans-serif;\">N\u00e1mskei\u00f0i\u00f0 kostar 150,000 kr. og er s\u00e6ti \u00e1 n\u00e1mskei\u00f0inu einungis sta\u00f0fest \u00feegar greitt hefur veri\u00f0 sta\u00f0festingargjald sem er 50,000 kr. sem gengur upp \u00ed n\u00e1mskei\u00f0sgjaldi\u00f0. Sta\u00f0festargjald er \u00f3afturkr\u00e6ft og flyst ekki \u00e1 milli n\u00e1mskei\u00f0a. Kennslub\u00f3k er innifalin \u00ed n\u00e1mskei\u00f0sgjaldi.\u00a0<\/span><\/p><p><b>Athugi\u00f0 a\u00f0 einungis ver\u00f0a \u00ed bo\u00f0i 7 s\u00e6ti \u00e1 n\u00e1mskei\u00f0i\u00f0 a\u00f0 \u00feessu sinni, fyrstur kemur fyrstur f\u00e6r.\u00a0<\/b><\/p>\t\t\t\t\t<\/div>\n\t\t\t\t\t\t<\/div>\n\t\t\t\t<\/div>\n\t\t\t\t<div class=\"elementor-element elementor-element-596b200 elementor-widget elementor-widget-spacer\" data-id=\"596b200\" data-element_type=\"widget\" data-widget_type=\"spacer.default\">\n\t\t\t\t<div class=\"elementor-widget-container\">\n\t\t\t\t\t<div class=\"elementor-spacer\">\n\t\t\t<div class=\"elementor-spacer-inner\"><\/div>\n\t\t<\/div>\n\t\t\t\t<\/div>\n\t\t\t\t<\/div>\n\t\t\t\t<div class=\"elementor-element elementor-element-a8c6b7d elementor-widget elementor-widget-text-editor\" data-id=\"a8c6b7d\" data-element_type=\"widget\" data-widget_type=\"text-editor.default\">\n\t\t\t\t<div class=\"elementor-widget-container\">\n\t\t\t\t\t\t\t\t<div class=\"elementor-text-editor elementor-clearfix\">\n\t\t\t\t\t\t\t\t\t<\/div>\n\t\t\t\t\t\t<\/div>\n\t\t\t\t<\/div>\n\t\t\t\t\t\t<\/div>\n\t\t\t\t\t<\/div>\n\t\t<\/div>\n\t\t\t\t\t\t\t\t<\/div>\n\t\t\t\t\t<\/div>\n\t\t<\/section>\n\t\t\t\t<section class=\"elementor-section elementor-top-section elementor-element elementor-element-69b5056 elementor-section-boxed elementor-section-height-default elementor-section-height-default\" data-id=\"69b5056\" data-element_type=\"section\">\n\t\t\t\t\t\t<div class=\"elementor-container elementor-column-gap-default\">\n\t\t\t\t\t\t\t<div class=\"elementor-row\">\n\t\t\t\t\t<div class=\"elementor-column elementor-col-100 elementor-top-column elementor-element elementor-element-fe84fca\" data-id=\"fe84fca\" data-element_type=\"column\">\n\t\t\t<div class=\"elementor-column-wrap elementor-element-populated\">\n\t\t\t\t\t\t\t<div class=\"elementor-widget-wrap\">\n\t\t\t\t\t\t<div class=\"elementor-element elementor-element-b62aa6e elementor-widget elementor-widget-text-editor\" data-id=\"b62aa6e\" data-element_type=\"widget\" data-widget_type=\"text-editor.default\">\n\t\t\t\t<div class=\"elementor-widget-container\">\n\t\t\t\t\t\t\t\t<div class=\"elementor-text-editor elementor-clearfix\">\n\t\t\t\t<h3><span style=\"font-family: Merriweather, sans-serif; font-size: 25px;\"><b>Fullt er \u00e1 sta\u00f0n\u00e1mskei\u00f0 10. febr\u00faar til 26. mars<\/b><\/span><span style=\"font-size: 15px; font-family: Merriweather, sans-serif;\">\u00a0<\/span><\/h3>\t\t\t\t\t<\/div>\n\t\t\t\t\t\t<\/div>\n\t\t\t\t<\/div>\n\t\t\t\t\t\t<\/div>\n\t\t\t\t\t<\/div>\n\t\t<\/div>\n\t\t\t\t\t\t\t\t<\/div>\n\t\t\t\t\t<\/div>\n\t\t<\/section>\n\t\t\t\t<section class=\"elementor-section elementor-top-section elementor-element elementor-element-e32eba1 elementor-section-boxed elementor-section-height-default elementor-section-height-default\" data-id=\"e32eba1\" data-element_type=\"section\">\n\t\t\t\t\t\t<div class=\"elementor-container elementor-column-gap-default\">\n\t\t\t\t\t\t\t<div class=\"elementor-row\">\n\t\t\t\t\t<div class=\"elementor-column elementor-col-100 elementor-top-column elementor-element elementor-element-bb6fad8\" data-id=\"bb6fad8\" data-element_type=\"column\">\n\t\t\t<div class=\"elementor-column-wrap elementor-element-populated\">\n\t\t\t\t\t\t\t<div class=\"elementor-widget-wrap\">\n\t\t\t\t\t\t<div class=\"elementor-element elementor-element-cf755e6 elementor-widget elementor-widget-text-editor\" data-id=\"cf755e6\" data-element_type=\"widget\" data-widget_type=\"text-editor.default\">\n\t\t\t\t<div class=\"elementor-widget-container\">\n\t\t\t\t\t\t\t\t<div class=\"elementor-text-editor elementor-clearfix\">\n\t\t\t\t<p><span style=\"font-size: 15px; font-style: normal;\">Kynningarfundur og opnun n\u00e1mskei\u00f0sins ver\u00f0ur\u00a0<\/span><span style=\"font-weight: bold;\">\u00feri\u00f0judaginn 10. febr\u00faar kl. 11:30-12:00<\/span><span style=\"font-size: 15px; font-style: normal;\">.\u00a0<\/span><span style=\"font-size: 15px; font-style: normal;\">Dagsetningar verklegra t\u00edma eru:\u00a0<\/span><\/p><ul><li style=\"font-size: 15px; font-style: normal; font-weight: 400;\"><span style=\"font-size: 15px; font-style: normal;\"><span style=\"font-weight: bold;\">\u00feri\u00f0judagurinn 24. febr\u00faar fr\u00e1 kl. 9:00-13:00<\/span><\/span><\/li><li style=\"font-size: 15px; font-style: normal; font-weight: 400;\"><span style=\"font-size: 15px; font-style: normal;\"><span style=\"font-weight: bold;\">fimmtudagurinn, 5. mars<\/span>\u00a0<span style=\"font-weight: bold;\">fr\u00e1 9:00-13:00\u00a0<\/span><\/span><\/li><li style=\"font-size: 15px; font-style: normal; font-weight: 400;\"><span style=\"font-size: 15px; font-style: normal;\"><span style=\"font-weight: bold;\">\u00feri\u00f0judagurinn 17. mars fr\u00e1 9:00-13:00<\/span>.\u00a0\u00a0<\/span><\/li><\/ul><p>N\u00e1mskei\u00f0inu l\u00fdkur me\u00f0 munnlegu pr\u00f3fi \u00e1 Zoom sem haldi\u00f0 ver\u00f0ur\u00a0<span style=\"font-size: 15px; font-style: normal; font-weight: bold;\">fimmtudaginn 26. mars.<\/span><\/p><p style=\"font-size: 15px; font-style: normal; font-weight: 400;\">Fyrirkomulag kennslunnar er annars vegar \u00ed formi fyrirlestra \u00e1 kennsluvef sem nemendur horfa \u00e1 \u00e1\u00f0ur en m\u00e6tt er \u00ed verklega t\u00edma (fr\u00e1 10. febr\u00faar til 24. febr\u00faar) og annars vegar \u00ed formi verklegra \u00e6finga. N\u00e1mskei\u00f0i\u00f0 ver\u00f0ur kennt \u00ed sta\u00f0kennslu \u00e1 h\u00f6fu\u00f0borgarsv\u00e6\u00f0inu\u00a0<span style=\"font-size: 15px; font-style: normal;\">(n\u00e1nari sta\u00f0setning augl\u00fdst s\u00ed\u00f0ar)\u00a0<\/span><span style=\"font-size: 15px;\">og er skyldum\u00e6ting \u00ed a.m.k. 2 af 3 t\u00edmum til a\u00f0 kl\u00e1ra n\u00e1mskei\u00f0i\u00f0.\u00a0 Ekki ver\u00f0ur \u00ed bo\u00f0i a\u00f0 taka \u00fe\u00e1tt \u00ed verklegum t\u00edmum \u00ed gegnum fjarfundab\u00fana\u00f0 (sj\u00e1 \u00fe\u00e1 frekar n\u00e6sta fjarn\u00e1mskei\u00f0).\u00a0<\/span><\/p>\t\t\t\t\t<\/div>\n\t\t\t\t\t\t<\/div>\n\t\t\t\t<\/div>\n\t\t\t\t<div class=\"elementor-element elementor-element-b1d3386 elementor-widget elementor-widget-text-editor\" data-id=\"b1d3386\" data-element_type=\"widget\" data-widget_type=\"text-editor.default\">\n\t\t\t\t<div class=\"elementor-widget-container\">\n\t\t\t\t\t\t\t\t<div class=\"elementor-text-editor elementor-clearfix\">\n\t\t\t\t\t\t\t\t\t<\/div>\n\t\t\t\t\t\t<\/div>\n\t\t\t\t<\/div>\n\t\t\t\t<div class=\"elementor-element elementor-element-20ebdb7 elementor-widget elementor-widget-spacer\" data-id=\"20ebdb7\" data-element_type=\"widget\" data-widget_type=\"spacer.default\">\n\t\t\t\t<div class=\"elementor-widget-container\">\n\t\t\t\t\t<div class=\"elementor-spacer\">\n\t\t\t<div class=\"elementor-spacer-inner\"><\/div>\n\t\t<\/div>\n\t\t\t\t<\/div>\n\t\t\t\t<\/div>\n\t\t\t\t\t\t<\/div>\n\t\t\t\t\t<\/div>\n\t\t<\/div>\n\t\t\t\t\t\t\t\t<\/div>\n\t\t\t\t\t<\/div>\n\t\t<\/section>\n\t\t\t\t\t\t\t\t\t<\/div>\n\t\t\t<\/div>\n\t\t\t\t\t<\/div>\n\t\t","protected":false},"excerpt":{"rendered":"<p>N\u00e6stu n\u00e1mskei\u00f0 \u00c1 vor\u00f6nn 2026 ver\u00f0ur bo\u00f0i\u00f0 upp \u00e1 tv\u00f6 n\u00e1mskei\u00f0 Fjarn\u00e1mskei\u00f0 24. mars til 13. ma\u00ed (Fullt) Kynningarfundur og opnun n\u00e1mskei\u00f0sins ver\u00f0ur&nbsp;\u00feri\u00f0judaginn 24. mars (ekki&nbsp; 24. febr\u00faar eins og \u00e1\u00f0ur kom fram) kl. 11:30-12:00.&nbsp;Dagsetningar verklegra t\u00edma eru:&nbsp; \u00feri\u00f0judagurinn 14. apr\u00edl fr\u00e1 kl. 9:00-13:00 mi\u00f0vikudagurinn 22. apr\u00edl fr\u00e1 9:00-13:00 \u00feri\u00f0judagurinn 5. ma\u00ed fr\u00e1 9:00-13:00.&nbsp;&nbsp; N\u00e1mskei\u00f0inu &hellip;<\/p>\n<p class=\"read-more\"> <a class=\"\" href=\"https:\/\/sattamidlaraskolinn.is\/?page_id=927\"> <span class=\"screen-reader-text\">N\u00e1mskei\u00f0 \u00e1 vor\u00f6nn 2026<\/span> Read More &raquo;<\/a><\/p>\n","protected":false},"author":1,"featured_media":0,"parent":0,"menu_order":0,"comment_status":"closed","ping_status":"closed","template":"","meta":[],"_links":{"self":[{"href":"https:\/\/sattamidlaraskolinn.is\/index.php?rest_route=\/wp\/v2\/pages\/927"}],"collection":[{"href":"https:\/\/sattamidlaraskolinn.is\/index.php?rest_route=\/wp\/v2\/pages"}],"about":[{"href":"https:\/\/sattamidlaraskolinn.is\/index.php?rest_route=\/wp\/v2\/types\/page"}],"author":[{"embeddable":true,"href":"https:\/\/sattamidlaraskolinn.is\/index.php?rest_route=\/wp\/v2\/users\/1"}],"replies":[{"embeddable":true,"href":"https:\/\/sattamidlaraskolinn.is\/index.php?rest_route=%2Fwp%2Fv2%2Fcomments&post=927"}],"version-history":[{"count":358,"href":"https:\/\/sattamidlaraskolinn.is\/index.php?rest_route=\/wp\/v2\/pages\/927\/revisions"}],"predecessor-version":[{"id":1550,"href":"https:\/\/sattamidlaraskolinn.is\/index.php?rest_route=\/wp\/v2\/pages\/927\/revisions\/1550"}],"wp:attachment":[{"href":"https:\/\/sattamidlaraskolinn.is\/index.php?rest_route=%2Fwp%2Fv2%2Fmedia&parent=927"}],"curies":[{"name":"wp","href":"https:\/\/api.w.org\/{rel}","templated":true}]}}